{"id":53660,"date":"2022-09-30T17:12:14","date_gmt":"2022-09-30T15:12:14","guid":{"rendered":"https:\/\/toohotel.com\/quartier-downtown-paris\/"},"modified":"2025-08-01T10:57:41","modified_gmt":"2025-08-01T08:57:41","slug":"%e8%a1%97%e5%8c%ba","status":"publish","type":"page","link":"https:\/\/toohotel.com\/zh-cn\/%e8%a1%97%e5%8c%ba\/","title":{"rendered":"Quartier"},"content":{"rendered":"","protected":false},"excerpt":{"rendered":"<p>Depuis les hauteurs du TOO H\u00f4tel, Paris s&#8217;observe et se d\u00e9ploie devant les yeux. Situ\u00e9 dans un nouveau quartier hyper accessible depuis le centre que certains surnomment \u00ab Downtown Paris \u00bb,\u00a0 l&#8217;emplacement du TOO H\u00f4tel permet de rejoindre en quelques minutes seulement, \u00e0 pied, \u00e0 v\u00e9lo, en transport ou en voiture, les principaux points d&#8217;int\u00e9r\u00eat et monuments de Paris comme le Jardin des Plantes, Bercy, la BNF et le Bois de Vincennes.<\/p>\n","protected":false},"author":9,"featured_media":0,"parent":0,"menu_order":94,"comment_status":"closed","ping_status":"closed","template":"templates\/cms.php","meta":{"_acf_changed":false,"footnotes":""},"class_list":["post-53660","page","type-page","status-publish","hentry"],"acf":[],"_links":{"self":[{"href":"https:\/\/toohotel.com\/zh-cn\/wp-json\/wp\/v2\/pages\/53660","targetHints":{"allow":["GET"]}}],"collection":[{"href":"https:\/\/toohotel.com\/zh-cn\/wp-json\/wp\/v2\/pages"}],"about":[{"href":"https:\/\/toohotel.com\/zh-cn\/wp-json\/wp\/v2\/types\/page"}],"author":[{"embeddable":true,"href":"https:\/\/toohotel.com\/zh-cn\/wp-json\/wp\/v2\/users\/9"}],"replies":[{"embeddable":true,"href":"https:\/\/toohotel.com\/zh-cn\/wp-json\/wp\/v2\/comments?post=53660"}],"version-history":[{"count":0,"href":"https:\/\/toohotel.com\/zh-cn\/wp-json\/wp\/v2\/pages\/53660\/revisions"}],"wp:attachment":[{"href":"https:\/\/toohotel.com\/zh-cn\/wp-json\/wp\/v2\/media?parent=53660"}],"curies":[{"name":"wp","href":"https:\/\/api.w.org\/{rel}","templated":true}]}}