{"id":7830,"date":"2022-09-30T17:12:14","date_gmt":"2022-09-30T15:12:14","guid":{"rendered":"https:\/\/toohotel.com\/quartier-downtown-paris\/"},"modified":"2022-12-19T14:30:48","modified_gmt":"2022-12-19T13:30:48","slug":"quartier-downtown-paris","status":"publish","type":"page","link":"https:\/\/toohotel.com\/pt-pt\/quartier-downtown-paris\/","title":{"rendered":"O bairro"},"content":{"rendered":"","protected":false},"excerpt":{"rendered":"<p>Desde as alturas do TOO Hotel, Paris pode ser vista e desdobrada diante de seus olhos. Situado em um novo bairro hiperacess\u00edvel desde o centro, que alguns chamam de &#8220;Downtown Paris&#8221;, a localiza\u00e7\u00e3o do TOO Hotel permite que os principais pontos de interesse e monumentos de Paris, como o Jardim das Plantas, Bercy, a BNF e o Bosque de Vincennes, possam ser alcan\u00e7ados em apenas alguns minutos, a p\u00e9, de bicicleta, de transporte ou de carro.<\/p>\n","protected":false},"author":9,"featured_media":0,"parent":0,"menu_order":94,"comment_status":"closed","ping_status":"closed","template":"templates\/cms.php","meta":{"_acf_changed":false,"footnotes":""},"class_list":["post-7830","page","type-page","status-publish","hentry"],"acf":[],"_links":{"self":[{"href":"https:\/\/toohotel.com\/pt-pt\/wp-json\/wp\/v2\/pages\/7830","targetHints":{"allow":["GET"]}}],"collection":[{"href":"https:\/\/toohotel.com\/pt-pt\/wp-json\/wp\/v2\/pages"}],"about":[{"href":"https:\/\/toohotel.com\/pt-pt\/wp-json\/wp\/v2\/types\/page"}],"author":[{"embeddable":true,"href":"https:\/\/toohotel.com\/pt-pt\/wp-json\/wp\/v2\/users\/9"}],"replies":[{"embeddable":true,"href":"https:\/\/toohotel.com\/pt-pt\/wp-json\/wp\/v2\/comments?post=7830"}],"version-history":[{"count":0,"href":"https:\/\/toohotel.com\/pt-pt\/wp-json\/wp\/v2\/pages\/7830\/revisions"}],"wp:attachment":[{"href":"https:\/\/toohotel.com\/pt-pt\/wp-json\/wp\/v2\/media?parent=7830"}],"curies":[{"name":"wp","href":"https:\/\/api.w.org\/{rel}","templated":true}]}}