{"id":7823,"date":"2022-09-07T19:54:59","date_gmt":"2022-09-07T17:54:59","guid":{"rendered":"https:\/\/toohotel.com\/privatisation-skybar\/"},"modified":"2022-12-19T14:30:52","modified_gmt":"2022-12-19T13:30:52","slug":"privatisation-skybar","status":"publish","type":"page","link":"https:\/\/toohotel.com\/pt-pt\/privatisation-skybar\/","title":{"rendered":"Privatize o TOO TacTac Skybar"},"content":{"rendered":"","protected":false},"excerpt":{"rendered":"<p>Procurando um local \u00fanico para celebrar uma ocasi\u00e3o especial ou para reunir seus colaboradores? Reserve o TOO TacTac Skybar e seu terra\u00e7o suspenso a 120 metros de altura. Desfrute assim de uma das mais belas vistas de Paris e crie com nossas equipes um evento feito sob medida para voc\u00ea !<\/p>\n","protected":false},"author":9,"featured_media":0,"parent":0,"menu_order":112,"comment_status":"closed","ping_status":"closed","template":"templates\/cms.php","meta":{"_acf_changed":false,"footnotes":""},"class_list":["post-7823","page","type-page","status-publish","hentry"],"acf":[],"_links":{"self":[{"href":"https:\/\/toohotel.com\/pt-pt\/wp-json\/wp\/v2\/pages\/7823","targetHints":{"allow":["GET"]}}],"collection":[{"href":"https:\/\/toohotel.com\/pt-pt\/wp-json\/wp\/v2\/pages"}],"about":[{"href":"https:\/\/toohotel.com\/pt-pt\/wp-json\/wp\/v2\/types\/page"}],"author":[{"embeddable":true,"href":"https:\/\/toohotel.com\/pt-pt\/wp-json\/wp\/v2\/users\/9"}],"replies":[{"embeddable":true,"href":"https:\/\/toohotel.com\/pt-pt\/wp-json\/wp\/v2\/comments?post=7823"}],"version-history":[{"count":0,"href":"https:\/\/toohotel.com\/pt-pt\/wp-json\/wp\/v2\/pages\/7823\/revisions"}],"wp:attachment":[{"href":"https:\/\/toohotel.com\/pt-pt\/wp-json\/wp\/v2\/media?parent=7823"}],"curies":[{"name":"wp","href":"https:\/\/api.w.org\/{rel}","templated":true}]}}