{"id":7254,"date":"2022-08-31T17:23:01","date_gmt":"2022-08-31T15:23:01","guid":{"rendered":"https:\/\/toohotel.com\/?page_id=7254"},"modified":"2025-02-11T12:23:06","modified_gmt":"2025-02-11T11:23:06","slug":"spa-too-chill","status":"publish","type":"page","link":"https:\/\/toohotel.com\/pt-pt\/spa-too-chill\/","title":{"rendered":"TOO CHILL SPA"},"content":{"rendered":"","protected":false},"excerpt":{"rendered":"<p>O spa TOO Chill \u00e9 um espa\u00e7o in\u00e9dito de bem-estar e fitness em Paris, ideal para uma massagem duo. Oferece aos clientes do TOO Hotel, uma pausa em gravidade zero inesquec\u00edvel com sua sauna de cedro at\u00edpica e suas cabines de tratamento com vista para o nascer do sol.<\/p>\n","protected":false},"author":9,"featured_media":0,"parent":0,"menu_order":123,"comment_status":"closed","ping_status":"closed","template":"templates\/cms.php","meta":{"_acf_changed":false,"footnotes":""},"class_list":["post-7254","page","type-page","status-publish","hentry"],"acf":[],"_links":{"self":[{"href":"https:\/\/toohotel.com\/pt-pt\/wp-json\/wp\/v2\/pages\/7254","targetHints":{"allow":["GET"]}}],"collection":[{"href":"https:\/\/toohotel.com\/pt-pt\/wp-json\/wp\/v2\/pages"}],"about":[{"href":"https:\/\/toohotel.com\/pt-pt\/wp-json\/wp\/v2\/types\/page"}],"author":[{"embeddable":true,"href":"https:\/\/toohotel.com\/pt-pt\/wp-json\/wp\/v2\/users\/9"}],"replies":[{"embeddable":true,"href":"https:\/\/toohotel.com\/pt-pt\/wp-json\/wp\/v2\/comments?post=7254"}],"version-history":[{"count":0,"href":"https:\/\/toohotel.com\/pt-pt\/wp-json\/wp\/v2\/pages\/7254\/revisions"}],"wp:attachment":[{"href":"https:\/\/toohotel.com\/pt-pt\/wp-json\/wp\/v2\/media?parent=7254"}],"curies":[{"name":"wp","href":"https:\/\/api.w.org\/{rel}","templated":true}]}}