{"id":5750,"date":"2022-08-22T17:34:24","date_gmt":"2022-08-22T15:34:24","guid":{"rendered":"https:\/\/toohotel.com\/too-restaurant-en\/"},"modified":"2025-08-12T15:33:00","modified_gmt":"2025-08-12T13:33:00","slug":"too-restaurant-en","status":"publish","type":"page","link":"https:\/\/toohotel.com\/pt-pt\/too-restaurant-en\/","title":{"rendered":"TOO Restaurant"},"content":{"rendered":"","protected":false},"excerpt":{"rendered":"<p>Desde este restaurante panor\u00e2mico de alto n\u00edvel, situado em um cubo de vidro a 100 metros de altura, a Torre Eiffel, Notre-Dame, o Sena e o Sacr\u00e9-Coeur ganham vida ao ritmo do sol. Do nascer ao p\u00f4r do sol, durante todo o ano, o TOO Restaurante oferece uma pausa celestial.<\/p>\n","protected":false},"author":1,"featured_media":0,"parent":0,"menu_order":71,"comment_status":"closed","ping_status":"closed","template":"templates\/cms.php","meta":{"_acf_changed":false,"footnotes":""},"class_list":["post-5750","page","type-page","status-publish","hentry"],"acf":[],"_links":{"self":[{"href":"https:\/\/toohotel.com\/pt-pt\/wp-json\/wp\/v2\/pages\/5750","targetHints":{"allow":["GET"]}}],"collection":[{"href":"https:\/\/toohotel.com\/pt-pt\/wp-json\/wp\/v2\/pages"}],"about":[{"href":"https:\/\/toohotel.com\/pt-pt\/wp-json\/wp\/v2\/types\/page"}],"author":[{"embeddable":true,"href":"https:\/\/toohotel.com\/pt-pt\/wp-json\/wp\/v2\/users\/1"}],"replies":[{"embeddable":true,"href":"https:\/\/toohotel.com\/pt-pt\/wp-json\/wp\/v2\/comments?post=5750"}],"version-history":[{"count":0,"href":"https:\/\/toohotel.com\/pt-pt\/wp-json\/wp\/v2\/pages\/5750\/revisions"}],"wp:attachment":[{"href":"https:\/\/toohotel.com\/pt-pt\/wp-json\/wp\/v2\/media?parent=5750"}],"curies":[{"name":"wp","href":"https:\/\/api.w.org\/{rel}","templated":true}]}}