{"id":4556,"date":"2022-08-24T12:13:32","date_gmt":"2022-08-24T10:13:32","guid":{"rendered":"https:\/\/toohotel.com\/chambres-et-suites\/vue-paris\/"},"modified":"2023-01-06T12:34:50","modified_gmt":"2023-01-06T11:34:50","slug":"vue-paris","status":"publish","type":"page","link":"https:\/\/toohotel.com\/ko\/chambres-et-suites\/vue-paris\/","title":{"rendered":"Vue Paris"},"content":{"rendered":"","protected":false},"excerpt":{"rendered":"<p>Contemplez une vue qui prend vie la nuit depuis votre chambre ou votre terrasse priv\u00e9e. Apr\u00e8s les derniers reflets du coucher du soleil, la ville se pare de lumi\u00e8res et offre un visage futuriste. <\/p>\n","protected":false},"author":1,"featured_media":3392,"parent":4543,"menu_order":52,"comment_status":"closed","ping_status":"closed","template":"templates\/cms.php","meta":{"_acf_changed":false,"footnotes":""},"class_list":["post-4556","page","type-page","status-publish","has-post-thumbnail","hentry"],"acf":[],"_links":{"self":[{"href":"https:\/\/toohotel.com\/ko\/wp-json\/wp\/v2\/pages\/4556","targetHints":{"allow":["GET"]}}],"collection":[{"href":"https:\/\/toohotel.com\/ko\/wp-json\/wp\/v2\/pages"}],"about":[{"href":"https:\/\/toohotel.com\/ko\/wp-json\/wp\/v2\/types\/page"}],"author":[{"embeddable":true,"href":"https:\/\/toohotel.com\/ko\/wp-json\/wp\/v2\/users\/1"}],"replies":[{"embeddable":true,"href":"https:\/\/toohotel.com\/ko\/wp-json\/wp\/v2\/comments?post=4556"}],"version-history":[{"count":0,"href":"https:\/\/toohotel.com\/ko\/wp-json\/wp\/v2\/pages\/4556\/revisions"}],"up":[{"embeddable":true,"href":"https:\/\/toohotel.com\/ko\/wp-json\/wp\/v2\/pages\/4543"}],"wp:featuredmedia":[{"embeddable":true,"href":"https:\/\/toohotel.com\/ko\/wp-json\/wp\/v2\/media\/3392"}],"wp:attachment":[{"href":"https:\/\/toohotel.com\/ko\/wp-json\/wp\/v2\/media?parent=4556"}],"curies":[{"name":"wp","href":"https:\/\/api.w.org\/{rel}","templated":true}]}}