{"id":7750,"date":"2022-09-30T17:12:14","date_gmt":"2022-09-30T15:12:14","guid":{"rendered":"https:\/\/toohotel.com\/quartier-downtown-paris\/"},"modified":"2022-12-19T14:22:03","modified_gmt":"2022-12-19T13:22:03","slug":"quartier-downtown-paris","status":"publish","type":"page","link":"https:\/\/toohotel.com\/es\/quartier-downtown-paris\/","title":{"rendered":"Barrio"},"content":{"rendered":"","protected":false},"excerpt":{"rendered":"<p>Desde las alturas del hotel TOO, se observa Par\u00eds y se despliega ante sus ojos. Situado en un nuevo barrio muy accesible desde el centro que algunos llaman \u00abDowntown Paris\u00bb, la ubicaci\u00f3n del hotel TOO permite llegar en a pocos minutos a pie, en bicicleta, en transporte o en coche a los principales puntos de inter\u00e9s y monumentos de Par\u00eds, como el jard\u00edn bot\u00e1nico, Bercy, el BNF y el bosque de Vincennes.<\/p>\n","protected":false},"author":9,"featured_media":0,"parent":0,"menu_order":94,"comment_status":"closed","ping_status":"closed","template":"templates\/cms.php","meta":{"_acf_changed":false,"footnotes":""},"class_list":["post-7750","page","type-page","status-publish","hentry"],"acf":[],"_links":{"self":[{"href":"https:\/\/toohotel.com\/es\/wp-json\/wp\/v2\/pages\/7750","targetHints":{"allow":["GET"]}}],"collection":[{"href":"https:\/\/toohotel.com\/es\/wp-json\/wp\/v2\/pages"}],"about":[{"href":"https:\/\/toohotel.com\/es\/wp-json\/wp\/v2\/types\/page"}],"author":[{"embeddable":true,"href":"https:\/\/toohotel.com\/es\/wp-json\/wp\/v2\/users\/9"}],"replies":[{"embeddable":true,"href":"https:\/\/toohotel.com\/es\/wp-json\/wp\/v2\/comments?post=7750"}],"version-history":[{"count":0,"href":"https:\/\/toohotel.com\/es\/wp-json\/wp\/v2\/pages\/7750\/revisions"}],"wp:attachment":[{"href":"https:\/\/toohotel.com\/es\/wp-json\/wp\/v2\/media?parent=7750"}],"curies":[{"name":"wp","href":"https:\/\/api.w.org\/{rel}","templated":true}]}}