{"id":5515,"date":"2022-08-24T12:13:32","date_gmt":"2022-08-24T10:13:32","guid":{"rendered":"https:\/\/toohotel.com\/chambres-et-suites\/vue-paris\/"},"modified":"2023-10-23T16:17:53","modified_gmt":"2023-10-23T14:17:53","slug":"vue-paris","status":"publish","type":"page","link":"https:\/\/toohotel.com\/es\/chambres-et-suites\/vue-paris\/","title":{"rendered":"Vistas a Paris"},"content":{"rendered":"","protected":false},"excerpt":{"rendered":"<p>Desde su habitaci\u00f3n o su terraza privada, contemple una vista de Par\u00eds que cobra vida por la noche. Tras los \u00faltimos reflejos del atardecer, la ciudad se engalana de luces y ofrece una cara futurista a sus visitantes.<\/p>\n","protected":false},"author":1,"featured_media":3394,"parent":5454,"menu_order":52,"comment_status":"closed","ping_status":"closed","template":"templates\/cms.php","meta":{"_acf_changed":false,"footnotes":""},"class_list":["post-5515","page","type-page","status-publish","has-post-thumbnail","hentry"],"acf":[],"_links":{"self":[{"href":"https:\/\/toohotel.com\/es\/wp-json\/wp\/v2\/pages\/5515","targetHints":{"allow":["GET"]}}],"collection":[{"href":"https:\/\/toohotel.com\/es\/wp-json\/wp\/v2\/pages"}],"about":[{"href":"https:\/\/toohotel.com\/es\/wp-json\/wp\/v2\/types\/page"}],"author":[{"embeddable":true,"href":"https:\/\/toohotel.com\/es\/wp-json\/wp\/v2\/users\/1"}],"replies":[{"embeddable":true,"href":"https:\/\/toohotel.com\/es\/wp-json\/wp\/v2\/comments?post=5515"}],"version-history":[{"count":0,"href":"https:\/\/toohotel.com\/es\/wp-json\/wp\/v2\/pages\/5515\/revisions"}],"up":[{"embeddable":true,"href":"https:\/\/toohotel.com\/es\/wp-json\/wp\/v2\/pages\/5454"}],"wp:featuredmedia":[{"embeddable":true,"href":"https:\/\/toohotel.com\/es\/wp-json\/wp\/v2\/media\/3394"}],"wp:attachment":[{"href":"https:\/\/toohotel.com\/es\/wp-json\/wp\/v2\/media?parent=5515"}],"curies":[{"name":"wp","href":"https:\/\/api.w.org\/{rel}","templated":true}]}}