{"id":5503,"date":"2022-08-24T12:13:50","date_gmt":"2022-08-24T10:13:50","guid":{"rendered":"https:\/\/toohotel.com\/chambres-et-suites\/vue-tour-eiffel\/"},"modified":"2023-10-23T16:17:51","modified_gmt":"2023-10-23T14:17:51","slug":"vue-tour-eiffel","status":"publish","type":"page","link":"https:\/\/toohotel.com\/es\/chambres-et-suites\/vue-tour-eiffel\/","title":{"rendered":"Vistas a la Torre Eiffel"},"content":{"rendered":"","protected":false},"excerpt":{"rendered":"<p>Admire la Torre Eiffel, uno de los monumentos m\u00e1s bellos del mundo, desde su habitaci\u00f3n o su ba\u00f1o dise\u00f1ado por Philippe Starck, para disfrutar de una estancia grandiosa y rom\u00e1ntica.<\/p>\n","protected":false},"author":9,"featured_media":3460,"parent":5454,"menu_order":44,"comment_status":"closed","ping_status":"closed","template":"templates\/cms.php","meta":{"_acf_changed":false,"footnotes":""},"class_list":["post-5503","page","type-page","status-publish","has-post-thumbnail","hentry"],"acf":[],"_links":{"self":[{"href":"https:\/\/toohotel.com\/es\/wp-json\/wp\/v2\/pages\/5503","targetHints":{"allow":["GET"]}}],"collection":[{"href":"https:\/\/toohotel.com\/es\/wp-json\/wp\/v2\/pages"}],"about":[{"href":"https:\/\/toohotel.com\/es\/wp-json\/wp\/v2\/types\/page"}],"author":[{"embeddable":true,"href":"https:\/\/toohotel.com\/es\/wp-json\/wp\/v2\/users\/9"}],"replies":[{"embeddable":true,"href":"https:\/\/toohotel.com\/es\/wp-json\/wp\/v2\/comments?post=5503"}],"version-history":[{"count":0,"href":"https:\/\/toohotel.com\/es\/wp-json\/wp\/v2\/pages\/5503\/revisions"}],"up":[{"embeddable":true,"href":"https:\/\/toohotel.com\/es\/wp-json\/wp\/v2\/pages\/5454"}],"wp:featuredmedia":[{"embeddable":true,"href":"https:\/\/toohotel.com\/es\/wp-json\/wp\/v2\/media\/3460"}],"wp:attachment":[{"href":"https:\/\/toohotel.com\/es\/wp-json\/wp\/v2\/media?parent=5503"}],"curies":[{"name":"wp","href":"https:\/\/api.w.org\/{rel}","templated":true}]}}