{"id":5444,"date":"2022-09-01T10:58:39","date_gmt":"2022-09-01T08:58:39","guid":{"rendered":"https:\/\/toohotel.com\/evenements\/"},"modified":"2022-12-19T14:24:16","modified_gmt":"2022-12-19T13:24:16","slug":"evenements","status":"publish","type":"page","link":"https:\/\/toohotel.com\/es\/evenements\/","title":{"rendered":"Eventos"},"content":{"rendered":"","protected":false},"excerpt":{"rendered":"<p>En el coraz\u00f3n del nuevo distrito comercial de Par\u00eds, el espacio TOO Meeting le da la bienvenida durante todo el a\u00f1o a sus compa\u00f1eros o sus invitados. Descubra las 4\u00a0salas de reuniones modulares, ideales para eventos de 14 a 75\u00a0personas y que permiten la organizaci\u00f3n de conferencias, seminarios, reuniones de trabajo, celebraciones o incluso c\u00f3cteles en las mejores condiciones.<\/p>\n","protected":false},"author":9,"featured_media":0,"parent":0,"menu_order":149,"comment_status":"closed","ping_status":"closed","template":"templates\/cms.php","meta":{"_acf_changed":false,"footnotes":""},"class_list":["post-5444","page","type-page","status-publish","hentry"],"acf":[],"_links":{"self":[{"href":"https:\/\/toohotel.com\/es\/wp-json\/wp\/v2\/pages\/5444","targetHints":{"allow":["GET"]}}],"collection":[{"href":"https:\/\/toohotel.com\/es\/wp-json\/wp\/v2\/pages"}],"about":[{"href":"https:\/\/toohotel.com\/es\/wp-json\/wp\/v2\/types\/page"}],"author":[{"embeddable":true,"href":"https:\/\/toohotel.com\/es\/wp-json\/wp\/v2\/users\/9"}],"replies":[{"embeddable":true,"href":"https:\/\/toohotel.com\/es\/wp-json\/wp\/v2\/comments?post=5444"}],"version-history":[{"count":0,"href":"https:\/\/toohotel.com\/es\/wp-json\/wp\/v2\/pages\/5444\/revisions"}],"wp:attachment":[{"href":"https:\/\/toohotel.com\/es\/wp-json\/wp\/v2\/media?parent=5444"}],"curies":[{"name":"wp","href":"https:\/\/api.w.org\/{rel}","templated":true}]}}