{"id":8429,"date":"2022-09-07T19:54:59","date_gmt":"2022-09-07T17:54:59","guid":{"rendered":"https:\/\/toohotel.com\/privatisation-skybar\/"},"modified":"2022-12-20T14:14:19","modified_gmt":"2022-12-20T13:14:19","slug":"privatisation-skybar","status":"publish","type":"page","link":"https:\/\/toohotel.com\/de\/privatisation-skybar\/","title":{"rendered":"Gesamte Location mieten"},"content":{"rendered":"","protected":false},"excerpt":{"rendered":"<p>Sie sind auf der Suche nach einer exklusive Location f\u00fcr einen besonderen Anlass oder eine Mitarbeiterveranstaltung? Buchen Sie die TOO TacTac Skybar und die gleichsam in der Luft schwebende Terrasse in 120 Metern H\u00f6he und genie\u00dfen Sie einen der sch\u00f6nsten Ausblicke auf Paris f\u00fcr eine ma\u00dfgeschneiderte Veranstaltung, die Ihre Erwartungen erf\u00fcllt.<\/p>\n","protected":false},"author":9,"featured_media":0,"parent":0,"menu_order":112,"comment_status":"closed","ping_status":"closed","template":"templates\/cms.php","meta":{"_acf_changed":false,"footnotes":""},"class_list":["post-8429","page","type-page","status-publish","hentry"],"acf":[],"_links":{"self":[{"href":"https:\/\/toohotel.com\/de\/wp-json\/wp\/v2\/pages\/8429","targetHints":{"allow":["GET"]}}],"collection":[{"href":"https:\/\/toohotel.com\/de\/wp-json\/wp\/v2\/pages"}],"about":[{"href":"https:\/\/toohotel.com\/de\/wp-json\/wp\/v2\/types\/page"}],"author":[{"embeddable":true,"href":"https:\/\/toohotel.com\/de\/wp-json\/wp\/v2\/users\/9"}],"replies":[{"embeddable":true,"href":"https:\/\/toohotel.com\/de\/wp-json\/wp\/v2\/comments?post=8429"}],"version-history":[{"count":0,"href":"https:\/\/toohotel.com\/de\/wp-json\/wp\/v2\/pages\/8429\/revisions"}],"wp:attachment":[{"href":"https:\/\/toohotel.com\/de\/wp-json\/wp\/v2\/media?parent=8429"}],"curies":[{"name":"wp","href":"https:\/\/api.w.org\/{rel}","templated":true}]}}